{"id":2600,"date":"2023-02-06T13:13:42","date_gmt":"2023-02-06T13:13:42","guid":{"rendered":"https:\/\/houseontherockdesign.com\/cart\/"},"modified":"2024-01-21T20:58:14","modified_gmt":"2024-01-22T00:58:14","slug":"cart","status":"publish","type":"page","link":"https:\/\/houseontherockdesign.com\/en\/cart\/","title":{"rendered":"Cart"},"content":{"rendered":"<div data-elementor-type=\"wp-page\" data-elementor-id=\"2600\" class=\"elementor elementor-2600\" data-elementor-post-type=\"page\">\n\t\t\t\t\t\t<section class=\"elementor-section elementor-top-section elementor-element elementor-element-46c80c48 elementor-section-boxed elementor-section-height-default elementor-section-height-default\" data-id=\"46c80c48\" data-element_type=\"section\" data-e-type=\"section\" data-settings=\"{&quot;jet_parallax_layout_list&quot;:[]}\">\n\t\t\t\t\t\t<div class=\"elementor-container elementor-column-gap-default\">\n\t\t\t\t\t<div class=\"elementor-column elementor-col-100 elementor-top-column elementor-element elementor-element-71b090d6\" data-id=\"71b090d6\" data-element_type=\"column\" data-e-type=\"column\">\n\t\t\t<div class=\"elementor-widget-wrap elementor-element-populated\">\n\t\t\t\t\t\t<div class=\"elementor-element elementor-element-725bf21 elementor-widget elementor-widget-html\" data-id=\"725bf21\" data-element_type=\"widget\" data-e-type=\"widget\" data-widget_type=\"html.default\">\n\t\t\t\t<div class=\"elementor-widget-container\">\n\t\t\t\t\t<style>\n    \n    \n    #root{\n        display: none;\n        \n        margin-left:100px;\n    }\n    \n<\/style>\n    \t\t\t\t<\/div>\n\t\t\t\t<\/div>\n\t\t\t\t<div class=\"elementor-element elementor-element-464c20d elementor-widget elementor-widget-heading\" data-id=\"464c20d\" data-element_type=\"widget\" data-e-type=\"widget\" data-widget_type=\"heading.default\">\n\t\t\t\t<div class=\"elementor-widget-container\">\n\t\t\t\t\t<h2 class=\"elementor-heading-title elementor-size-default\">Cart<\/h2>\t\t\t\t<\/div>\n\t\t\t\t<\/div>\n\t\t\t\t\t<\/div>\n\t\t<\/div>\n\t\t\t\t\t<\/div>\n\t\t<\/section>\n\t\t\t\t<\/div>","protected":false},"excerpt":{"rendered":"<p>Panier Retirer l\u2019\u00e9l\u00e9ment Miniature Produit Prix Quantit\u00e9 Sous-total &times; OLIVE BOUCLE (20\u201dWx20\u201dH) &#36;210.00 quantit\u00e9 de OLIVE BOUCLE (20\u201dWx20\u201dH) &#36;630.00 &times; CLOUD GRAY BOUCLE (18\u201dWx18\u201dH) &#36;185.00 quantit\u00e9 de CLOUD GRAY BOUCLE (18\u201dWx18\u201dH) &#36;555.00 &times; CLOUD GRAY BOUCLE (20\u201dWx20\u201dH) &#36;210.00 quantit\u00e9 de CLOUD GRAY BOUCLE (20\u201dWx20\u201dH) &#36;630.00 &times; OBSIDIAN BOUCLE (18\u201dWx18\u201dH) &#36;185.00 quantit\u00e9 de OBSIDIAN BOUCLE (18\u201dWx18\u201dH) [&hellip;]<\/p>\n","protected":false},"author":8,"featured_media":0,"parent":0,"menu_order":0,"comment_status":"closed","ping_status":"closed","template":"","meta":{"footnotes":""},"class_list":["post-2600","page","type-page","status-publish","hentry"],"_links":{"self":[{"href":"https:\/\/houseontherockdesign.com\/en\/wp-json\/wp\/v2\/pages\/2600","targetHints":{"allow":["GET"]}}],"collection":[{"href":"https:\/\/houseontherockdesign.com\/en\/wp-json\/wp\/v2\/pages"}],"about":[{"href":"https:\/\/houseontherockdesign.com\/en\/wp-json\/wp\/v2\/types\/page"}],"author":[{"embeddable":true,"href":"https:\/\/houseontherockdesign.com\/en\/wp-json\/wp\/v2\/users\/8"}],"replies":[{"embeddable":true,"href":"https:\/\/houseontherockdesign.com\/en\/wp-json\/wp\/v2\/comments?post=2600"}],"version-history":[{"count":86,"href":"https:\/\/houseontherockdesign.com\/en\/wp-json\/wp\/v2\/pages\/2600\/revisions"}],"predecessor-version":[{"id":4156,"href":"https:\/\/houseontherockdesign.com\/en\/wp-json\/wp\/v2\/pages\/2600\/revisions\/4156"}],"wp:attachment":[{"href":"https:\/\/houseontherockdesign.com\/en\/wp-json\/wp\/v2\/media?parent=2600"}],"curies":[{"name":"wp","href":"https:\/\/api.w.org\/{rel}","templated":true}]}}