{"id":282,"date":"2023-01-21T03:06:07","date_gmt":"2023-01-21T03:06:07","guid":{"rendered":"https:\/\/houseontherockdesign.com\/?page_id=282"},"modified":"2023-06-11T06:03:57","modified_gmt":"2023-06-11T10:03:57","slug":"services-commerciaux","status":"publish","type":"page","link":"https:\/\/houseontherockdesign.com\/en\/services-commerciaux\/","title":{"rendered":"Services Commerciaux &#8211; FR"},"content":{"rendered":"<div data-elementor-type=\"wp-page\" data-elementor-id=\"282\" class=\"elementor elementor-282\" data-elementor-post-type=\"page\">\n\t\t\t\t\t\t<section class=\"elementor-section elementor-top-section elementor-element elementor-element-3d72c70e elementor-section-full_width elementor-section-height-full elementor-section-content-middle elementor-hidden-tablet elementor-hidden-mobile elementor-section-items-stretch elementor-section-height-default\" data-id=\"3d72c70e\" data-element_type=\"section\" data-e-type=\"section\" data-settings=\"{&quot;jet_parallax_layout_list&quot;:[],&quot;background_background&quot;:&quot;classic&quot;}\">\n\t\t\t\t\t\t\t<div class=\"elementor-background-overlay\"><\/div>\n\t\t\t\t\t\t\t<div class=\"elementor-container elementor-column-gap-no\">\n\t\t\t\t\t<div class=\"elementor-column elementor-col-100 elementor-top-column elementor-element elementor-element-7edd1de1\" data-id=\"7edd1de1\" data-element_type=\"column\" data-e-type=\"column\" data-settings=\"{&quot;background_background&quot;:&quot;classic&quot;}\">\n\t\t\t<div class=\"elementor-widget-wrap elementor-element-populated\">\n\t\t\t\t\t<div class=\"elementor-background-overlay\"><\/div>\n\t\t\t\t\t\t<div class=\"elementor-element elementor-element-449b0736 elementor-widget elementor-widget-heading\" data-id=\"449b0736\" data-element_type=\"widget\" data-e-type=\"widget\" data-widget_type=\"heading.default\">\n\t\t\t\t<div class=\"elementor-widget-container\">\n\t\t\t\t\t<h2 class=\"elementor-heading-title elementor-size-default\">Services Commerciaux<\/h2>\t\t\t\t<\/div>\n\t\t\t\t<\/div>\n\t\t\t\t<div class=\"elementor-element elementor-element-2453350 elementor-align-center elementor-widget elementor-widget-button\" data-id=\"2453350\" data-element_type=\"widget\" data-e-type=\"widget\" data-widget_type=\"button.default\">\n\t\t\t\t<div class=\"elementor-widget-container\">\n\t\t\t\t\t\t\t\t\t<div class=\"elementor-button-wrapper\">\n\t\t\t\t\t<a class=\"elementor-button elementor-button-link elementor-size-sm elementor-animation-grow\" href=\"#elementor-action%3Aaction%3Dpopup%3Aopen%26settings%3DeyJpZCI6IjM3NCIsInRvZ2dsZSI6ZmFsc2V9\">\n\t\t\t\t\t\t<span class=\"elementor-button-content-wrapper\">\n\t\t\t\t\t\t\t\t\t<span class=\"elementor-button-text\">Obtenir une soumission<\/span>\n\t\t\t\t\t<\/span>\n\t\t\t\t\t<\/a>\n\t\t\t\t<\/div>\n\t\t\t\t\t\t\t\t<\/div>\n\t\t\t\t<\/div>\n\t\t\t\t\t<\/div>\n\t\t<\/div>\n\t\t\t\t\t<\/div>\n\t\t<\/section>\n\t\t\t\t<section class=\"elementor-section elementor-top-section elementor-element elementor-element-0630785 elementor-section-full_width elementor-section-height-min-height elementor-section-content-middle elementor-hidden-desktop elementor-section-height-default elementor-section-items-middle\" data-id=\"0630785\" data-element_type=\"section\" data-e-type=\"section\" data-settings=\"{&quot;jet_parallax_layout_list&quot;:[],&quot;background_background&quot;:&quot;classic&quot;}\">\n\t\t\t\t\t\t\t<div class=\"elementor-background-overlay\"><\/div>\n\t\t\t\t\t\t\t<div class=\"elementor-container elementor-column-gap-no\">\n\t\t\t\t\t<div class=\"elementor-column elementor-col-100 elementor-top-column elementor-element elementor-element-f355ede\" data-id=\"f355ede\" data-element_type=\"column\" data-e-type=\"column\">\n\t\t\t<div class=\"elementor-widget-wrap elementor-element-populated\">\n\t\t\t\t\t\t<div class=\"elementor-element elementor-element-f0e6d63 elementor-widget elementor-widget-heading\" data-id=\"f0e6d63\" data-element_type=\"widget\" data-e-type=\"widget\" data-widget_type=\"heading.default\">\n\t\t\t\t<div class=\"elementor-widget-container\">\n\t\t\t\t\t<h2 class=\"elementor-heading-title elementor-size-default\">Services Commerciaux<\/h2>\t\t\t\t<\/div>\n\t\t\t\t<\/div>\n\t\t\t\t<div class=\"elementor-element elementor-element-c8566ef elementor-align-center elementor-widget elementor-widget-button\" data-id=\"c8566ef\" data-element_type=\"widget\" data-e-type=\"widget\" data-widget_type=\"button.default\">\n\t\t\t\t<div class=\"elementor-widget-container\">\n\t\t\t\t\t\t\t\t\t<div class=\"elementor-button-wrapper\">\n\t\t\t\t\t<a class=\"elementor-button elementor-button-link elementor-size-sm elementor-animation-grow\" href=\"#elementor-action%3Aaction%3Dpopup%3Aopen%26settings%3DeyJpZCI6IjM3NCIsInRvZ2dsZSI6ZmFsc2V9\">\n\t\t\t\t\t\t<span class=\"elementor-button-content-wrapper\">\n\t\t\t\t\t\t\t\t\t<span class=\"elementor-button-text\">Obtenir une soumission<\/span>\n\t\t\t\t\t<\/span>\n\t\t\t\t\t<\/a>\n\t\t\t\t<\/div>\n\t\t\t\t\t\t\t\t<\/div>\n\t\t\t\t<\/div>\n\t\t\t\t\t<\/div>\n\t\t<\/div>\n\t\t\t\t\t<\/div>\n\t\t<\/section>\n\t\t\t\t<section class=\"elementor-section elementor-top-section elementor-element elementor-element-184ab868 elementor-section-full_width elementor-section-content-top elementor-section-height-min-height elementor-hidden-tablet elementor-hidden-mobile elementor-section-height-default elementor-section-items-middle\" data-id=\"184ab868\" data-element_type=\"section\" data-e-type=\"section\" data-settings=\"{&quot;jet_parallax_layout_list&quot;:[],&quot;background_background&quot;:&quot;classic&quot;}\">\n\t\t\t\t\t\t\t<div class=\"elementor-background-overlay\"><\/div>\n\t\t\t\t\t\t\t<div class=\"elementor-container elementor-column-gap-no\">\n\t\t\t\t\t<div class=\"elementor-column elementor-col-50 elementor-top-column elementor-element elementor-element-6460e2d1\" data-id=\"6460e2d1\" data-element_type=\"column\" data-e-type=\"column\">\n\t\t\t<div class=\"elementor-widget-wrap elementor-element-populated\">\n\t\t\t\t\t\t<div class=\"elementor-element elementor-element-409eb453 elementor-widget elementor-widget-heading\" data-id=\"409eb453\" data-element_type=\"widget\" data-e-type=\"widget\" data-widget_type=\"heading.default\">\n\t\t\t\t<div class=\"elementor-widget-container\">\n\t\t\t\t\t<h2 class=\"elementor-heading-title elementor-size-default\">Service de rev\u00eatements de fen\u00eatres pour les espaces commerciaux<\/h2>\t\t\t\t<\/div>\n\t\t\t\t<\/div>\n\t\t\t\t<div class=\"elementor-element elementor-element-3194216 elementor-widget elementor-widget-heading\" data-id=\"3194216\" data-element_type=\"widget\" data-e-type=\"widget\" data-widget_type=\"heading.default\">\n\t\t\t\t<div class=\"elementor-widget-container\">\n\t\t\t\t\t<h2 class=\"elementor-heading-title elementor-size-default\">Notre service de rev\u00eatements de fen\u00eatres pour les espaces commerciaux est con\u00e7u pour r\u00e9pondre aux besoins de grands projets tels que les h\u00f4tels, les restaurants, les espaces de bureaux et bien plus encore.<\/h2>\t\t\t\t<\/div>\n\t\t\t\t<\/div>\n\t\t\t\t<div class=\"elementor-element elementor-element-566027c elementor-align-center elementor-widget elementor-widget-button\" data-id=\"566027c\" data-element_type=\"widget\" data-e-type=\"widget\" data-widget_type=\"button.default\">\n\t\t\t\t<div class=\"elementor-widget-container\">\n\t\t\t\t\t\t\t\t\t<div class=\"elementor-button-wrapper\">\n\t\t\t\t\t<a class=\"elementor-button elementor-button-link elementor-size-sm elementor-animation-grow\" href=\"#elementor-action%3Aaction%3Dpopup%3Aopen%26settings%3DeyJpZCI6IjM3NCIsInRvZ2dsZSI6ZmFsc2V9\">\n\t\t\t\t\t\t<span class=\"elementor-button-content-wrapper\">\n\t\t\t\t\t\t\t\t\t<span class=\"elementor-button-text\">Obtenir une soumission<\/span>\n\t\t\t\t\t<\/span>\n\t\t\t\t\t<\/a>\n\t\t\t\t<\/div>\n\t\t\t\t\t\t\t\t<\/div>\n\t\t\t\t<\/div>\n\t\t\t\t\t<\/div>\n\t\t<\/div>\n\t\t\t\t<div class=\"elementor-column elementor-col-50 elementor-top-column elementor-element elementor-element-51d6c04c\" data-id=\"51d6c04c\" data-element_type=\"column\" data-e-type=\"column\">\n\t\t\t<div class=\"elementor-widget-wrap elementor-element-populated\">\n\t\t\t\t\t\t<div class=\"elementor-element elementor-element-1a158baa elementor-widget elementor-widget-image-gallery\" data-id=\"1a158baa\" data-element_type=\"widget\" data-e-type=\"widget\" data-widget_type=\"image-gallery.default\">\n\t\t\t\t<div class=\"elementor-widget-container\">\n\t\t\t\t\t\t\t<div class=\"elementor-image-gallery\">\n\t\t\t<div id='gallery-1' class='gallery galleryid-282 gallery-columns-1 gallery-size-full'><figure class='gallery-item'>\n\t\t\t<div class='gallery-icon landscape'>\n\t\t\t\t<a data-elementor-open-lightbox=\"yes\" data-elementor-lightbox-slideshow=\"1a158baa\" data-e-action-hash=\"#elementor-action%3Aaction%3Dlightbox%26settings%3DeyJpZCI6ODAyLCJ1cmwiOiJodHRwczpcL1wvaG91c2VvbnRoZXJvY2tkZXNpZ24uY29tXC93cC1jb250ZW50XC91cGxvYWRzXC8yMDIzXC8wMVwvSU1HXzUwNzctMS5wbmciLCJzbGlkZXNob3ciOiIxYTE1OGJhYSJ9\" href='https:\/\/houseontherockdesign.com\/wp-content\/uploads\/2023\/01\/IMG_5077-1.png'><img fetchpriority=\"high\" decoding=\"async\" width=\"3024\" height=\"2908\" src=\"https:\/\/houseontherockdesign.com\/wp-content\/uploads\/2023\/01\/IMG_5077-1.png\" class=\"attachment-full size-full\" alt=\"\" srcset=\"https:\/\/houseontherockdesign.com\/wp-content\/uploads\/2023\/01\/IMG_5077-1.png 3024w, https:\/\/houseontherockdesign.com\/wp-content\/uploads\/2023\/01\/IMG_5077-1-300x288.png 300w, https:\/\/houseontherockdesign.com\/wp-content\/uploads\/2023\/01\/IMG_5077-1-1024x985.png 1024w, https:\/\/houseontherockdesign.com\/wp-content\/uploads\/2023\/01\/IMG_5077-1-768x739.png 768w, https:\/\/houseontherockdesign.com\/wp-content\/uploads\/2023\/01\/IMG_5077-1-1536x1477.png 1536w, https:\/\/houseontherockdesign.com\/wp-content\/uploads\/2023\/01\/IMG_5077-1-2048x1969.png 2048w\" sizes=\"(max-width: 3024px) 100vw, 3024px\" \/><\/a>\n\t\t\t<\/div><\/figure>\n\t\t<\/div>\n\t\t<\/div>\n\t\t\t\t\t\t<\/div>\n\t\t\t\t<\/div>\n\t\t\t\t\t<\/div>\n\t\t<\/div>\n\t\t\t\t\t<\/div>\n\t\t<\/section>\n\t\t\t\t<section class=\"elementor-section elementor-top-section elementor-element elementor-element-05157a8 elementor-section-full_width elementor-section-content-top elementor-section-height-min-height elementor-hidden-desktop elementor-section-height-default elementor-section-items-middle\" data-id=\"05157a8\" data-element_type=\"section\" data-e-type=\"section\" data-settings=\"{&quot;jet_parallax_layout_list&quot;:[],&quot;background_background&quot;:&quot;classic&quot;}\">\n\t\t\t\t\t\t\t<div class=\"elementor-background-overlay\"><\/div>\n\t\t\t\t\t\t\t<div class=\"elementor-container elementor-column-gap-no\">\n\t\t\t\t\t<div class=\"elementor-column elementor-col-50 elementor-top-column elementor-element elementor-element-b18bc06\" data-id=\"b18bc06\" data-element_type=\"column\" data-e-type=\"column\">\n\t\t\t<div class=\"elementor-widget-wrap elementor-element-populated\">\n\t\t\t\t\t\t<div class=\"elementor-element elementor-element-0ded2fd elementor-widget elementor-widget-heading\" data-id=\"0ded2fd\" data-element_type=\"widget\" data-e-type=\"widget\" data-widget_type=\"heading.default\">\n\t\t\t\t<div class=\"elementor-widget-container\">\n\t\t\t\t\t<h2 class=\"elementor-heading-title elementor-size-default\">Service de rev\u00eatements de fen\u00eatres pour les espaces commerciaux<\/h2>\t\t\t\t<\/div>\n\t\t\t\t<\/div>\n\t\t\t\t<div class=\"elementor-element elementor-element-aaa54af elementor-widget elementor-widget-heading\" data-id=\"aaa54af\" data-element_type=\"widget\" data-e-type=\"widget\" data-widget_type=\"heading.default\">\n\t\t\t\t<div class=\"elementor-widget-container\">\n\t\t\t\t\t<h2 class=\"elementor-heading-title elementor-size-default\">Notre service de rev\u00eatements de fen\u00eatres pour les espaces commerciaux est con\u00e7u pour r\u00e9pondre aux besoins de grands projets tels que les h\u00f4tels, les restaurants, les espaces de bureaux et bien plus encore.<\/h2>\t\t\t\t<\/div>\n\t\t\t\t<\/div>\n\t\t\t\t<div class=\"elementor-element elementor-element-05a4601 elementor-align-center elementor-widget elementor-widget-button\" data-id=\"05a4601\" data-element_type=\"widget\" data-e-type=\"widget\" data-widget_type=\"button.default\">\n\t\t\t\t<div class=\"elementor-widget-container\">\n\t\t\t\t\t\t\t\t\t<div class=\"elementor-button-wrapper\">\n\t\t\t\t\t<a class=\"elementor-button elementor-button-link elementor-size-sm elementor-animation-grow\" href=\"#elementor-action%3Aaction%3Dpopup%3Aopen%26settings%3DeyJpZCI6IjM3NCIsInRvZ2dsZSI6ZmFsc2V9\">\n\t\t\t\t\t\t<span class=\"elementor-button-content-wrapper\">\n\t\t\t\t\t\t\t\t\t<span class=\"elementor-button-text\">Obtenir une soumission<\/span>\n\t\t\t\t\t<\/span>\n\t\t\t\t\t<\/a>\n\t\t\t\t<\/div>\n\t\t\t\t\t\t\t\t<\/div>\n\t\t\t\t<\/div>\n\t\t\t\t\t<\/div>\n\t\t<\/div>\n\t\t\t\t<div class=\"elementor-column elementor-col-50 elementor-top-column elementor-element elementor-element-daee969\" data-id=\"daee969\" data-element_type=\"column\" data-e-type=\"column\">\n\t\t\t<div class=\"elementor-widget-wrap elementor-element-populated\">\n\t\t\t\t\t\t<div class=\"elementor-element elementor-element-8340973 elementor-widget elementor-widget-image-gallery\" data-id=\"8340973\" data-element_type=\"widget\" data-e-type=\"widget\" data-widget_type=\"image-gallery.default\">\n\t\t\t\t<div class=\"elementor-widget-container\">\n\t\t\t\t\t\t\t<div class=\"elementor-image-gallery\">\n\t\t\t<div id='gallery-2' class='gallery galleryid-282 gallery-columns-1 gallery-size-full'><figure class='gallery-item'>\n\t\t\t<div class='gallery-icon landscape'>\n\t\t\t\t<a data-elementor-open-lightbox=\"yes\" data-elementor-lightbox-slideshow=\"8340973\" data-e-action-hash=\"#elementor-action%3Aaction%3Dlightbox%26settings%3DeyJpZCI6ODAyLCJ1cmwiOiJodHRwczpcL1wvaG91c2VvbnRoZXJvY2tkZXNpZ24uY29tXC93cC1jb250ZW50XC91cGxvYWRzXC8yMDIzXC8wMVwvSU1HXzUwNzctMS5wbmciLCJzbGlkZXNob3ciOiI4MzQwOTczIn0%3D\" href='https:\/\/houseontherockdesign.com\/wp-content\/uploads\/2023\/01\/IMG_5077-1.png'><img fetchpriority=\"high\" decoding=\"async\" width=\"3024\" height=\"2908\" src=\"https:\/\/houseontherockdesign.com\/wp-content\/uploads\/2023\/01\/IMG_5077-1.png\" class=\"attachment-full size-full\" alt=\"\" srcset=\"https:\/\/houseontherockdesign.com\/wp-content\/uploads\/2023\/01\/IMG_5077-1.png 3024w, https:\/\/houseontherockdesign.com\/wp-content\/uploads\/2023\/01\/IMG_5077-1-300x288.png 300w, https:\/\/houseontherockdesign.com\/wp-content\/uploads\/2023\/01\/IMG_5077-1-1024x985.png 1024w, https:\/\/houseontherockdesign.com\/wp-content\/uploads\/2023\/01\/IMG_5077-1-768x739.png 768w, https:\/\/houseontherockdesign.com\/wp-content\/uploads\/2023\/01\/IMG_5077-1-1536x1477.png 1536w, https:\/\/houseontherockdesign.com\/wp-content\/uploads\/2023\/01\/IMG_5077-1-2048x1969.png 2048w\" sizes=\"(max-width: 3024px) 100vw, 3024px\" \/><\/a>\n\t\t\t<\/div><\/figure>\n\t\t<\/div>\n\t\t<\/div>\n\t\t\t\t\t\t<\/div>\n\t\t\t\t<\/div>\n\t\t\t\t\t<\/div>\n\t\t<\/div>\n\t\t\t\t\t<\/div>\n\t\t<\/section>\n\t\t\t\t<section class=\"elementor-section elementor-top-section elementor-element elementor-element-4904d35d elementor-section-full_width elementor-section-height-min-height elementor-hidden-tablet elementor-hidden-mobile elementor-section-height-default elementor-section-items-middle\" data-id=\"4904d35d\" data-element_type=\"section\" data-e-type=\"section\" data-settings=\"{&quot;jet_parallax_layout_list&quot;:[],&quot;background_background&quot;:&quot;classic&quot;}\">\n\t\t\t\t\t\t\t<div class=\"elementor-background-overlay\"><\/div>\n\t\t\t\t\t\t\t<div class=\"elementor-container elementor-column-gap-no\">\n\t\t\t\t\t<div class=\"elementor-column elementor-col-50 elementor-top-column elementor-element elementor-element-00920be\" data-id=\"00920be\" data-element_type=\"column\" data-e-type=\"column\">\n\t\t\t<div class=\"elementor-widget-wrap elementor-element-populated\">\n\t\t\t\t\t\t<div class=\"elementor-element elementor-element-278967b elementor-widget elementor-widget-image-gallery\" data-id=\"278967b\" data-element_type=\"widget\" data-e-type=\"widget\" data-widget_type=\"image-gallery.default\">\n\t\t\t\t<div class=\"elementor-widget-container\">\n\t\t\t\t\t\t\t<div class=\"elementor-image-gallery\">\n\t\t\t<div id='gallery-3' class='gallery galleryid-282 gallery-columns-1 gallery-size-full'><figure class='gallery-item'>\n\t\t\t<div class='gallery-icon landscape'>\n\t\t\t\t<a data-elementor-open-lightbox=\"yes\" data-elementor-lightbox-slideshow=\"278967b\" data-e-action-hash=\"#elementor-action%3Aaction%3Dlightbox%26settings%3DeyJpZCI6MTA2MCwidXJsIjoiaHR0cHM6XC9cL2hvdXNlb250aGVyb2NrZGVzaWduLmNvbVwvd3AtY29udGVudFwvdXBsb2Fkc1wvMjAyM1wvMDFcL0lNR18yNjI0LTEtZTE2NzQ5MjYzNjk1ODUucG5nIiwic2xpZGVzaG93IjoiMjc4OTY3YiJ9\" href='https:\/\/houseontherockdesign.com\/wp-content\/uploads\/2023\/01\/IMG_2624-1-e1674926369585.png'><img decoding=\"async\" width=\"3528\" height=\"2298\" src=\"https:\/\/houseontherockdesign.com\/wp-content\/uploads\/2023\/01\/IMG_2624-1-e1674926369585.png\" class=\"attachment-full size-full\" alt=\"\" srcset=\"https:\/\/houseontherockdesign.com\/wp-content\/uploads\/2023\/01\/IMG_2624-1-e1674926369585.png 3528w, https:\/\/houseontherockdesign.com\/wp-content\/uploads\/2023\/01\/IMG_2624-1-e1674926369585-300x195.png 300w, https:\/\/houseontherockdesign.com\/wp-content\/uploads\/2023\/01\/IMG_2624-1-e1674926369585-1024x667.png 1024w, https:\/\/houseontherockdesign.com\/wp-content\/uploads\/2023\/01\/IMG_2624-1-e1674926369585-768x500.png 768w, https:\/\/houseontherockdesign.com\/wp-content\/uploads\/2023\/01\/IMG_2624-1-e1674926369585-1536x1000.png 1536w, https:\/\/houseontherockdesign.com\/wp-content\/uploads\/2023\/01\/IMG_2624-1-e1674926369585-2048x1334.png 2048w\" sizes=\"(max-width: 3528px) 100vw, 3528px\" \/><\/a>\n\t\t\t<\/div><\/figure>\n\t\t<\/div>\n\t\t<\/div>\n\t\t\t\t\t\t<\/div>\n\t\t\t\t<\/div>\n\t\t\t\t\t<\/div>\n\t\t<\/div>\n\t\t\t\t<div class=\"elementor-column elementor-col-50 elementor-top-column elementor-element elementor-element-4d0f733d\" data-id=\"4d0f733d\" data-element_type=\"column\" data-e-type=\"column\">\n\t\t\t<div class=\"elementor-widget-wrap elementor-element-populated\">\n\t\t\t\t\t\t<div class=\"elementor-element elementor-element-93181f6 elementor-widget elementor-widget-heading\" data-id=\"93181f6\" data-element_type=\"widget\" data-e-type=\"widget\" data-widget_type=\"heading.default\">\n\t\t\t\t<div class=\"elementor-widget-container\">\n\t\t\t\t\t<h2 class=\"elementor-heading-title elementor-size-default\">Large s\u00e9lection de rev\u00eatements de fen\u00eatres<\/h2>\t\t\t\t<\/div>\n\t\t\t\t<\/div>\n\t\t\t\t<div class=\"elementor-element elementor-element-8ddbf60 elementor-widget elementor-widget-heading\" data-id=\"8ddbf60\" data-element_type=\"widget\" data-e-type=\"widget\" data-widget_type=\"heading.default\">\n\t\t\t\t<div class=\"elementor-widget-container\">\n\t\t\t\t\t<h2 class=\"elementor-heading-title elementor-size-default\">Nous comprenons l'importance de cr\u00e9er un environnement confortable et accueillant pour vos clients et collaborateurs. C'est pourquoi nous offrons une large gamme de produits de haute qualit\u00e9 pour r\u00e9pondre \u00e0 tous vos besoins.<br><br>Que vous recherchiez une solution fonctionnelle ou d\u00e9corative, notre \u00e9quipe de professionnels est l\u00e0 pour vous aider \u00e0 choisir la solution id\u00e9ale pour votre espace commercial.<\/h2>\t\t\t\t<\/div>\n\t\t\t\t<\/div>\n\t\t\t\t<div class=\"elementor-element elementor-element-a3fedc6 elementor-align-center elementor-widget elementor-widget-button\" data-id=\"a3fedc6\" data-element_type=\"widget\" data-e-type=\"widget\" data-widget_type=\"button.default\">\n\t\t\t\t<div class=\"elementor-widget-container\">\n\t\t\t\t\t\t\t\t\t<div class=\"elementor-button-wrapper\">\n\t\t\t\t\t<a class=\"elementor-button elementor-button-link elementor-size-sm elementor-animation-grow\" href=\"#elementor-action%3Aaction%3Dpopup%3Aopen%26settings%3DeyJpZCI6IjM3NCIsInRvZ2dsZSI6ZmFsc2V9\">\n\t\t\t\t\t\t<span class=\"elementor-button-content-wrapper\">\n\t\t\t\t\t\t\t\t\t<span class=\"elementor-button-text\">Obtenir une soumission<\/span>\n\t\t\t\t\t<\/span>\n\t\t\t\t\t<\/a>\n\t\t\t\t<\/div>\n\t\t\t\t\t\t\t\t<\/div>\n\t\t\t\t<\/div>\n\t\t\t\t\t<\/div>\n\t\t<\/div>\n\t\t\t\t\t<\/div>\n\t\t<\/section>\n\t\t\t\t<section class=\"elementor-section elementor-top-section elementor-element elementor-element-4c1bb44 elementor-section-full_width elementor-section-height-min-height elementor-hidden-desktop elementor-section-height-default elementor-section-items-middle\" data-id=\"4c1bb44\" data-element_type=\"section\" data-e-type=\"section\" data-settings=\"{&quot;jet_parallax_layout_list&quot;:[],&quot;background_background&quot;:&quot;classic&quot;}\">\n\t\t\t\t\t\t\t<div class=\"elementor-background-overlay\"><\/div>\n\t\t\t\t\t\t\t<div class=\"elementor-container elementor-column-gap-no\">\n\t\t\t\t\t<div class=\"elementor-column elementor-col-50 elementor-top-column elementor-element elementor-element-bf2c8fb\" data-id=\"bf2c8fb\" data-element_type=\"column\" data-e-type=\"column\">\n\t\t\t<div class=\"elementor-widget-wrap elementor-element-populated\">\n\t\t\t\t\t\t<div class=\"elementor-element elementor-element-803ab5c elementor-widget elementor-widget-heading\" data-id=\"803ab5c\" data-element_type=\"widget\" data-e-type=\"widget\" data-widget_type=\"heading.default\">\n\t\t\t\t<div class=\"elementor-widget-container\">\n\t\t\t\t\t<h2 class=\"elementor-heading-title elementor-size-default\">Large s\u00e9lection de rev\u00eatements de fen\u00eatres<\/h2>\t\t\t\t<\/div>\n\t\t\t\t<\/div>\n\t\t\t\t<div class=\"elementor-element elementor-element-9acfd4e elementor-widget elementor-widget-heading\" data-id=\"9acfd4e\" data-element_type=\"widget\" data-e-type=\"widget\" data-widget_type=\"heading.default\">\n\t\t\t\t<div class=\"elementor-widget-container\">\n\t\t\t\t\t<h2 class=\"elementor-heading-title elementor-size-default\">Nous comprenons l'importance de cr\u00e9er un environnement confortable et accueillant pour vos clients et collaborateurs. C'est pourquoi nous offrons une large gamme de produits de haute qualit\u00e9 pour r\u00e9pondre \u00e0 tous vos besoins.<br><br>Que vous recherchiez une solution fonctionnelle ou d\u00e9corative, notre \u00e9quipe de professionnels est l\u00e0 pour vous aider \u00e0 choisir la solution id\u00e9ale pour votre espace commercial.<\/h2>\t\t\t\t<\/div>\n\t\t\t\t<\/div>\n\t\t\t\t<div class=\"elementor-element elementor-element-3841987 elementor-align-center elementor-widget elementor-widget-button\" data-id=\"3841987\" data-element_type=\"widget\" data-e-type=\"widget\" data-widget_type=\"button.default\">\n\t\t\t\t<div class=\"elementor-widget-container\">\n\t\t\t\t\t\t\t\t\t<div class=\"elementor-button-wrapper\">\n\t\t\t\t\t<a class=\"elementor-button elementor-button-link elementor-size-sm elementor-animation-grow\" href=\"#elementor-action%3Aaction%3Dpopup%3Aopen%26settings%3DeyJpZCI6IjM3NCIsInRvZ2dsZSI6ZmFsc2V9\">\n\t\t\t\t\t\t<span class=\"elementor-button-content-wrapper\">\n\t\t\t\t\t\t\t\t\t<span class=\"elementor-button-text\">Obtenir une soumission<\/span>\n\t\t\t\t\t<\/span>\n\t\t\t\t\t<\/a>\n\t\t\t\t<\/div>\n\t\t\t\t\t\t\t\t<\/div>\n\t\t\t\t<\/div>\n\t\t\t\t\t<\/div>\n\t\t<\/div>\n\t\t\t\t<div class=\"elementor-column elementor-col-50 elementor-top-column elementor-element elementor-element-a727011\" data-id=\"a727011\" data-element_type=\"column\" data-e-type=\"column\">\n\t\t\t<div class=\"elementor-widget-wrap elementor-element-populated\">\n\t\t\t\t\t\t<div class=\"elementor-element elementor-element-fc8f37a elementor-widget elementor-widget-image-gallery\" data-id=\"fc8f37a\" data-element_type=\"widget\" data-e-type=\"widget\" data-widget_type=\"image-gallery.default\">\n\t\t\t\t<div class=\"elementor-widget-container\">\n\t\t\t\t\t\t\t<div class=\"elementor-image-gallery\">\n\t\t\t<div id='gallery-4' class='gallery galleryid-282 gallery-columns-1 gallery-size-full'><figure class='gallery-item'>\n\t\t\t<div class='gallery-icon landscape'>\n\t\t\t\t<a data-elementor-open-lightbox=\"yes\" data-elementor-lightbox-slideshow=\"fc8f37a\" data-e-action-hash=\"#elementor-action%3Aaction%3Dlightbox%26settings%3DeyJpZCI6NzU5LCJ1cmwiOiJodHRwczpcL1wvaG91c2VvbnRoZXJvY2tkZXNpZ24uY29tXC93cC1jb250ZW50XC91cGxvYWRzXC8yMDIzXC8wMVwvSU1HXzI2MjQucG5nIiwic2xpZGVzaG93IjoiZmM4ZjM3YSJ9\" href='https:\/\/houseontherockdesign.com\/wp-content\/uploads\/2023\/01\/IMG_2624.png'><img decoding=\"async\" width=\"4032\" height=\"3024\" src=\"https:\/\/houseontherockdesign.com\/wp-content\/uploads\/2023\/01\/IMG_2624.png\" class=\"attachment-full size-full\" alt=\"\" srcset=\"https:\/\/houseontherockdesign.com\/wp-content\/uploads\/2023\/01\/IMG_2624.png 4032w, https:\/\/houseontherockdesign.com\/wp-content\/uploads\/2023\/01\/IMG_2624-300x225.png 300w, https:\/\/houseontherockdesign.com\/wp-content\/uploads\/2023\/01\/IMG_2624-1024x768.png 1024w, https:\/\/houseontherockdesign.com\/wp-content\/uploads\/2023\/01\/IMG_2624-768x576.png 768w, https:\/\/houseontherockdesign.com\/wp-content\/uploads\/2023\/01\/IMG_2624-1536x1152.png 1536w, https:\/\/houseontherockdesign.com\/wp-content\/uploads\/2023\/01\/IMG_2624-2048x1536.png 2048w\" sizes=\"(max-width: 4032px) 100vw, 4032px\" \/><\/a>\n\t\t\t<\/div><\/figure>\n\t\t<\/div>\n\t\t<\/div>\n\t\t\t\t\t\t<\/div>\n\t\t\t\t<\/div>\n\t\t\t\t\t<\/div>\n\t\t<\/div>\n\t\t\t\t\t<\/div>\n\t\t<\/section>\n\t\t\t\t<\/div>","protected":false},"excerpt":{"rendered":"<p>Services Commerciaux Obtenir une soumission Services Commerciaux Obtenir une soumission Service de rev\u00eatements de fen\u00eatres pour les espaces commerciaux Notre service de rev\u00eatements de fen\u00eatres pour les espaces commerciaux est con\u00e7u pour r\u00e9pondre aux besoins de grands projets tels que les h\u00f4tels, les restaurants, les espaces de bureaux et bien plus encore. Obtenir une soumission [&hellip;]<\/p>\n","protected":false},"author":8,"featured_media":0,"parent":0,"menu_order":0,"comment_status":"closed","ping_status":"closed","template":"elementor_header_footer","meta":{"footnotes":""},"class_list":["post-282","page","type-page","status-publish","hentry"],"_links":{"self":[{"href":"https:\/\/houseontherockdesign.com\/en\/wp-json\/wp\/v2\/pages\/282","targetHints":{"allow":["GET"]}}],"collection":[{"href":"https:\/\/houseontherockdesign.com\/en\/wp-json\/wp\/v2\/pages"}],"about":[{"href":"https:\/\/houseontherockdesign.com\/en\/wp-json\/wp\/v2\/types\/page"}],"author":[{"embeddable":true,"href":"https:\/\/houseontherockdesign.com\/en\/wp-json\/wp\/v2\/users\/8"}],"replies":[{"embeddable":true,"href":"https:\/\/houseontherockdesign.com\/en\/wp-json\/wp\/v2\/comments?post=282"}],"version-history":[{"count":308,"href":"https:\/\/houseontherockdesign.com\/en\/wp-json\/wp\/v2\/pages\/282\/revisions"}],"predecessor-version":[{"id":3867,"href":"https:\/\/houseontherockdesign.com\/en\/wp-json\/wp\/v2\/pages\/282\/revisions\/3867"}],"wp:attachment":[{"href":"https:\/\/houseontherockdesign.com\/en\/wp-json\/wp\/v2\/media?parent=282"}],"curies":[{"name":"wp","href":"https:\/\/api.w.org\/{rel}","templated":true}]}}